{"id":3693,"date":"2023-10-05T17:37:46","date_gmt":"2023-10-05T14:37:46","guid":{"rendered":"https:\/\/efsusnatural.com\/?post_type=product&#038;p=3693"},"modified":"2025-12-17T15:07:17","modified_gmt":"2025-12-17T12:07:17","slug":"ham-yesil-zeytin-kg","status":"publish","type":"product","link":"https:\/\/efsusnatural.com\/en\/product\/ham-yesil-zeytin-kg\/","title":{"rendered":"HAM YE\u015e\u0130L ZEYT\u0130N (10 KG)"},"content":{"rendered":"<p>YEN\u0130\u00a0 SEZON( 2025 )<br \/>\nEFSUS BAH\u00c7ELER\u0130NDEN SOFRANIZA YAKI\u015eACAK KIRMALIK YE\u015e\u0130L ZEYT\u0130N<\/p>","protected":false},"excerpt":{"rendered":"<p>YEN\u0130\u00a0 SEZON( 2025 ) EFSUS BAH\u00c7ELER\u0130NDEN SOFRANIZA YAKI\u015eACAK KIRMALIK YE\u015e\u0130L ZEYT\u0130N<\/p>","protected":false},"featured_media":3695,"template":"","meta":{"_crdt_document":"","advanced_seo_description":"","jetpack_seo_html_title":"","jetpack_seo_noindex":false,"jetpack_publicize_message":"","jetpack_publicize_feature_enabled":true,"jetpack_social_post_already_shared":true,"jetpack_social_options":{"image_generator_settings":{"template":"highway","default_image_id":0,"font":"","enabled":false},"version":2},"_wpas_customize_per_network":false},"product_brand":[],"product_cat":[],"product_tag":[],"class_list":{"0":"post-3693","1":"product","2":"type-product","3":"status-publish","4":"has-post-thumbnail","7":"first","8":"outofstock","9":"taxable","10":"shipping-taxable","11":"purchasable","12":"product-type-simple"},"exclude_global_add_ons":[],"addons":[],"jetpack_publicize_connections":[],"jetpack_likes_enabled":false,"jetpack_sharing_enabled":true,"_links":{"self":[{"href":"https:\/\/efsusnatural.com\/en\/wp-json\/wp\/v2\/product\/3693","targetHints":{"allow":["GET"]}}],"collection":[{"href":"https:\/\/efsusnatural.com\/en\/wp-json\/wp\/v2\/product"}],"about":[{"href":"https:\/\/efsusnatural.com\/en\/wp-json\/wp\/v2\/types\/product"}],"wp:featuredmedia":[{"embeddable":true,"href":"https:\/\/efsusnatural.com\/en\/wp-json\/wp\/v2\/media\/3695"}],"wp:attachment":[{"href":"https:\/\/efsusnatural.com\/en\/wp-json\/wp\/v2\/media?parent=3693"}],"wp:term":[{"taxonomy":"product_brand","embeddable":true,"href":"https:\/\/efsusnatural.com\/en\/wp-json\/wp\/v2\/product_brand?post=3693"},{"taxonomy":"product_cat","embeddable":true,"href":"https:\/\/efsusnatural.com\/en\/wp-json\/wp\/v2\/product_cat?post=3693"},{"taxonomy":"product_tag","embeddable":true,"href":"https:\/\/efsusnatural.com\/en\/wp-json\/wp\/v2\/product_tag?post=3693"}],"curies":[{"name":"wp","href":"https:\/\/api.w.org\/{rel}","templated":true}]}}